{"id":32,"date":"2018-01-17T21:45:38","date_gmt":"2018-01-17T21:45:38","guid":{"rendered":"https:\/\/rencontredunonlineaire.fr\/?page_id=32"},"modified":"2025-11-22T14:41:05","modified_gmt":"2025-11-22T14:41:05","slug":"sit-18","status":"publish","type":"page","link":"https:\/\/rencontredunonlineaire.fr\/","title":{"rendered":"La Rencontre du Non Lin\u00e9aire"},"content":{"rendered":"\n<h6 class=\"wp-block-heading\">24 au 26 mars 2026 \u00e0 l&rsquo;Universit\u00e9 Paris Cit\u00e9<\/h6>\n\n\n<p><img loading=\"lazy\" decoding=\"async\" class=\"alignnone  wp-image-1342\" src=\"https:\/\/rencontredunonlineaire.fr\/wp-content\/uploads\/2025\/11\/affiche_2026_alt_legere-212x300.jpg\" alt=\"\" width=\"655\" height=\"927\" srcset=\"https:\/\/rencontredunonlineaire.fr\/wp-content\/uploads\/2025\/11\/affiche_2026_alt_legere-212x300.jpg 212w, https:\/\/rencontredunonlineaire.fr\/wp-content\/uploads\/2025\/11\/affiche_2026_alt_legere-724x1024.jpg 724w, https:\/\/rencontredunonlineaire.fr\/wp-content\/uploads\/2025\/11\/affiche_2026_alt_legere-768x1086.jpg 768w, https:\/\/rencontredunonlineaire.fr\/wp-content\/uploads\/2025\/11\/affiche_2026_alt_legere-1086x1536.jpg 1086w, https:\/\/rencontredunonlineaire.fr\/wp-content\/uploads\/2025\/11\/affiche_2026_alt_legere-1449x2048.jpg 1449w, https:\/\/rencontredunonlineaire.fr\/wp-content\/uploads\/2025\/11\/affiche_2026_alt_legere-scaled.jpg 1811w\" sizes=\"auto, (max-width: 655px) 100vw, 655px\" \/><\/p>\n<p><a href=\"https:\/\/listes.services.cnrs.fr\/wws\/subscribe\/rencontredunonlineaire\"><em>Pour vous inscrire \u00e0 la nouvelle liste de diffusion de la RNL, cliquez ici.<\/em><\/a><\/p>\n<p>La 29<sup>\u00e8me<\/sup>\u00a0Rencontre du Non-Lin\u00e9aire (RNL) se tiendra du 24 au 26 mars 2026 \u00e0 l&rsquo;Universit\u00e9 Paris Cit\u00e9, amphith\u00e9\u00e2tre Buffon, 15 rue H\u00e9l\u00e8ne Brion, \u00e0 Paris (13<sup>\u00e8me<\/sup>).<\/p>\n<p>Le <strong>24 mars<\/strong> aura lieu le <strong>mini-colloque<\/strong>, cette ann\u00e9e sur le th\u00e8me<strong> \u00ab\u00a0\u00c9coulements et changements de phase\u00a0\u00bb<\/strong>, et les <strong>25 et 26 mars<\/strong> la rencontre \u00e0 proprement parler avec plus d&rsquo;une <strong>centaine de contributions<\/strong> et <strong>quatre conf\u00e9rences invit\u00e9es<\/strong> :<br \/>&#8212;&#8212;&#8212;&#8212;&#8212;&#8212;&#8212;&#8212;&#8212;&#8212;&#8212;&#8211;<br \/><em>Plasticit\u00e9 des milieux granulaires<\/em><br \/><strong>Axelle Amon<br \/><\/strong>Institut de Physique de Rennes, Universit\u00e9 de Rennes<br \/>&#8212;&#8212;&#8212;&#8212;&#8212;&#8212;&#8212;&#8212;&#8212;&#8212;&#8212;&#8211;<br \/><em>Ph\u00e9nom\u00e9nologie et mod\u00e9lisation de la turbulence des fluides<\/em><br \/><strong>Laurent Chevillard<br \/><\/strong>Lab. Physique, ENS de Lyon, CNRS &amp; Institut Camille Jordan<br \/>&#8212;&#8212;&#8212;&#8212;&#8212;&#8212;&#8212;&#8212;&#8212;&#8212;&#8212;&#8211;<br \/><em>Fluides de lumi\u00e8re: un pont entre les gaz quantiques <\/em><em>et l&rsquo;optique non-lin\u00e9aire<br \/><\/em><strong>Quentin Glorieux<br \/><\/strong>Lab. Kastler Brossel, ENS &amp; Sorbonne Universit\u00e9<br \/>&#8212;&#8212;&#8212;&#8212;&#8212;&#8212;&#8212;&#8212;&#8212;&#8212;&#8212;&#8211;<br \/><em>Gaz de Coulomb et de Riesz<\/em><br \/><strong>Sylvia Serfaty<br \/><\/strong>Lab. J.-L. Lions, Sorbonne Univ. &amp; New-York Univ.<\/p>\n<p>Les inscriptions ouvriront le 1er d\u00e9cembre 2025. Elles se feront sur la page d\u00e9di\u00e9e \u00e0 l&rsquo;\u00e9dition 2026 : <a href=\"https:\/\/rnl2026.sciencesconf.org\/\">https:\/\/rnl2026.sciencesconf.org\/<\/a><\/p>\n<p>Cet \u00e9v\u00e9nement annuel rassemble des communaut\u00e9s de recherche travaillant sur la dynamique non-lin\u00e9aire mais provenant de disciplines vari\u00e9es, comme l&rsquo;hydrodynamique, l&rsquo;optique, la physique des plasmas, la m\u00e9canique, les math\u00e9matiques, les g\u00e9osciences et la biophysique. L&rsquo;objectif principal est de favoriser les \u00e9changes et l&rsquo;enrichissement mutuel entre ces chercheurs et chercheuses qui, bien qu\u2019issus de domaines diff\u00e9rents, partagent souvent concepts, m\u00e9thodes et probl\u00e9matiques.<\/p>\n<p>Organis\u00e9e pour la premi\u00e8re fois en 1998 et h\u00e9berg\u00e9e par l&rsquo;Universit\u00e9 Paris Cit\u00e9 depuis 2013, la RNL se d\u00e9roule sur deux jours. Le programme comprend quatre conf\u00e9rences invit\u00e9es de 40 minutes, douze pr\u00e9sentations s\u00e9lectionn\u00e9es de 20 minutes et une centaine de communications courtes de 2 minutes permettant aux auteurs de promouvoir leurs posters avant les sessions d\u00e9di\u00e9es. Chaque ann\u00e9e, un mini-colloque th\u00e9matique pr\u00e9c\u00e8de les deux journ\u00e9es pl\u00e9ni\u00e8res. Il propose entre dix et quinze interventions. L&rsquo;\u00e9dition 2025 a r\u00e9uni 230 participants.<\/p>\n<p>Quelques remarques :<\/p>\n<ul>\n<li>La s\u00e9lection des expos\u00e9s de 20 minutes, sur la base d&rsquo;un r\u00e9sum\u00e9 d&rsquo;une page maximum, est r\u00e9alis\u00e9e par le conseil scientifique de la RNL environ deux mois avant l&rsquo;\u00e9v\u00e8nement.<\/li>\n<li>La RNL est soucieuse de faire participer le plus grand nombre, y compris les jeunes chercheurs et chercheuses en doctorat et post-doctorat, d&rsquo;o\u00f9 la place accord\u00e9e aux sessions \u00ab posters \u00bb.<\/li>\n<li>La langue de la manifestation est le fran\u00e7ais, les expos\u00e9s en anglais \u00e9tant toutefois accept\u00e9s.<\/li>\n<li>L&rsquo;inscription est gratuite. Il est cependant vivement recommand\u00e9 de s&rsquo;inscrire pour faciliter le travail des organisateurs.<\/li>\n<li>Les archives des \u00e9ditions pr\u00e9c\u00e9dentes de la RNL sont disponibles en ligne en cliquant sur ce lien : <a href=\"http:\/\/nonlineaire.univ-lille.fr\/SNL\/archives\/\">http:\/\/nonlineaire.univ-lille.fr\/SNL\/archives\/<\/a><\/li>\n<\/ul>\n<ul>\n<li style=\"list-style-type: none;\">\u00a0<\/li>\n<\/ul>\n\n\n<p><strong>Visiter le site des anciennes \u00e9ditions de la RNL (jusqu&rsquo;\u00e0 2025)<\/strong> :<br><a href=\"http:\/\/nonlineaire.univ-lille1.fr\/SNL\/\" target=\"_blank\" rel=\"noreferrer noopener\">http:\/\/nonlineaire.univ-lille1.fr\/SNL\/<\/a><\/p>\n\n\n\n<p><\/p>\n","protected":false},"excerpt":{"rendered":"<p>24 au 26 mars 2026 \u00e0 l&rsquo;Universit\u00e9 Paris Cit\u00e9 Pour vous inscrire \u00e0 la nouvelle liste de diffusion de la RNL, cliquez ici. La 29\u00e8me\u00a0Rencontre du Non-Lin\u00e9aire (RNL) se tiendra du 24 au 26 mars 2026 \u00e0 l&rsquo;Universit\u00e9 Paris Cit\u00e9, amphith\u00e9\u00e2tre Buffon, 15 rue H\u00e9l\u00e8ne Brion, \u00e0 Paris (13\u00e8me). Le 24 mars aura lieu le &hellip; <a href=\"https:\/\/rencontredunonlineaire.fr\/\" class=\"more-link\">Continuer la lecture de <span class=\"screen-reader-text\">La Rencontre du Non Lin\u00e9aire<\/span><\/a><\/p>\n","protected":false},"author":2,"featured_media":0,"parent":0,"menu_order":0,"comment_status":"closed","ping_status":"closed","template":"","meta":{"footnotes":""},"class_list":["post-32","page","type-page","status-publish","hentry"],"_links":{"self":[{"href":"https:\/\/rencontredunonlineaire.fr\/index.php\/wp-json\/wp\/v2\/pages\/32","targetHints":{"allow":["GET"]}}],"collection":[{"href":"https:\/\/rencontredunonlineaire.fr\/index.php\/wp-json\/wp\/v2\/pages"}],"about":[{"href":"https:\/\/rencontredunonlineaire.fr\/index.php\/wp-json\/wp\/v2\/types\/page"}],"author":[{"embeddable":true,"href":"https:\/\/rencontredunonlineaire.fr\/index.php\/wp-json\/wp\/v2\/users\/2"}],"replies":[{"embeddable":true,"href":"https:\/\/rencontredunonlineaire.fr\/index.php\/wp-json\/wp\/v2\/comments?post=32"}],"version-history":[{"count":152,"href":"https:\/\/rencontredunonlineaire.fr\/index.php\/wp-json\/wp\/v2\/pages\/32\/revisions"}],"predecessor-version":[{"id":1345,"href":"https:\/\/rencontredunonlineaire.fr\/index.php\/wp-json\/wp\/v2\/pages\/32\/revisions\/1345"}],"wp:attachment":[{"href":"https:\/\/rencontredunonlineaire.fr\/index.php\/wp-json\/wp\/v2\/media?parent=32"}],"curies":[{"name":"wp","href":"https:\/\/api.w.org\/{rel}","templated":true}]}}