{"id":123,"date":"2018-01-24T11:36:58","date_gmt":"2018-01-24T11:36:58","guid":{"rendered":"https:\/\/rencontredunonlineaire.fr\/?page_id=123"},"modified":"2026-04-13T07:32:02","modified_gmt":"2026-04-13T07:32:02","slug":"sit-2014","status":"publish","type":"page","link":"https:\/\/rencontredunonlineaire.fr\/index.php\/sit-2014\/","title":{"rendered":"Comit\u00e9s"},"content":{"rendered":"<p>Pour contacter le comit\u00e9 d&rsquo;organisation de la RNL, \u00e9crivez \u00e0 <a href=\"mailto:rencontredunonlineaire-request@services.cnrs.fr\">rencontredunonlineaire-request@services.cnrs.fr<\/a><\/p>\n\n\n<p><strong>Comit\u00e9 d&rsquo;organisation<\/strong><\/p>\n\n\n\n<figure class=\"wp-block-table is-style-regular\" style=\"font-size:15px\"><table><tbody><tr><td><strong><strong><a href=\"https:\/\/www.fast.universite-paris-saclay.fr\/perso_cortet.html\">Pierre-Philippe Cortet<\/a><\/strong><\/strong><br><em>Coordinateur<\/em><\/td><td>FAST, CNRS &amp; Universit\u00e9 Paris-Saclay<\/td><\/tr><tr><td><strong><a href=\"https:\/\/neel.cnrs.fr\/en\/les-chercheurs-et-techniciens\/mathieu-gibert\">Mathieu Gibert<\/a><\/strong><\/td><td>Institut N\u00e9el, CNRS &amp; Univ. Grenoble Alpes<\/td><\/tr><tr><td><strong><a href=\"https:\/\/msc.u-paris.fr\/annuaire\/jean-baptiste-gorce\/\">Jean-Baptiste Gorce<\/a><\/strong><br><em>Tr\u00e9sorier<\/em><\/td><td>MSC, CNRS &amp; Universit\u00e9 Paris Cit\u00e9<\/td><\/tr><tr><td><strong><a href=\"https:\/\/www.researchgate.net\/profile\/Sophie-Ramananarivo\">Sophie Ramananarivo<\/a><\/strong><\/td><td>LadHyX, \u00c9cole polytechnique<\/td><\/tr><\/tbody><\/table><\/figure>\n\n\n\n<p><strong>Comit\u00e9 scientifique<\/strong><\/p>\n\n\n\n<figure class=\"wp-block-table is-style-regular\" style=\"font-size:15px\"><table><tbody><tr><td><a href=\"https:\/\/www.linkedin.com\/in\/xavierleoncini\"><strong>Xavier Leoncini<\/strong><\/a><\/td><td>CPT, Aix-Marseille Universit\u00e9<\/td><\/tr><tr><td><a href=\"https:\/\/pro.univ-lille.fr\/serge-bielawski\"><strong>Serge Bielawski<\/strong><\/a><\/td><td>PhLAM, Universit\u00e9 de Lille<\/td><\/tr><tr><td><a href=\"https:\/\/sites.google.com\/view\/biance\/home-page\"><strong>Anne-Laure Biance<\/strong><\/a><\/td><td>ILM, CNRS &amp; UCBL1<\/td><\/tr><tr><td><a href=\"https:\/\/www.imo.universite-paris-saclay.fr\/~bertrand.maury\/\"><strong>Bertrand Maury<\/strong><\/a><\/td><td>LMO, Universit\u00e9 Paris-Saclay<\/td><\/tr><tr><td><a href=\"http:\/\/www.ida.upmc.fr\/~michel\/\"><strong>Guillaume Michel<\/strong><\/a><\/td><td>IJLRA, Sorbonne Universit\u00e9<\/td><\/tr><tr><td><strong><strong><a href=\"https:\/\/www.fast.universite-paris-saclay.fr\/perso_cortet.html\">Pierre-Philippe Cortet<\/a><\/strong><\/strong><\/td><td>FAST, CNRS &amp; Universit\u00e9 Paris-Saclay<\/td><\/tr><tr><td><strong><a href=\"https:\/\/neel.cnrs.fr\/en\/les-chercheurs-et-techniciens\/mathieu-gibert\">Mathieu Gibert<\/a><\/strong><\/td><td>Institut N\u00e9el, CNRS &amp; Univ. Grenoble Alpes<\/td><\/tr><tr><td><strong><a href=\"https:\/\/msc.u-paris.fr\/annuaire\/jean-baptiste-gorce\/\">Jean-Baptiste Gorce<\/a><\/strong><\/td><td>MSC, CNRS &amp; Universit\u00e9 Paris Cit\u00e9<\/td><\/tr><tr><td><a href=\"https:\/\/sites.google.com\/site\/benjamindolletcnrs\/\"><strong>Benjamin Dollet<\/strong><\/a><\/td><td>LiPhy, CNRS &amp; Universit\u00e9 Grenoble Alpes&nbsp;<\/td><\/tr><tr><td><strong><a href=\"https:\/\/www.researchgate.net\/profile\/Sophie-Ramananarivo\">Sophie Ramananarivo<\/a><\/strong><\/td><td>LadHyX, \u00c9cole polytechnique<\/td><\/tr><tr><td><a href=\"https:\/\/perso.ens-lyon.fr\/nicolas.taberlet\/\"><strong>Nicolas Taberlet<\/strong><\/a><\/td><td>Laboratoire de Physique, ENS de Lyon<\/td><\/tr><tr><td><strong>Alice Pelosse<\/strong><\/td><td>PMMH, CNRS &amp; ESPCI<\/td><\/tr><tr><td><strong><a href=\"https:\/\/www.quentinglorieux.fr\/\">Quentin Glorieux<\/a><\/strong><\/td><td>LKB, ENS &amp; Sorbonne Universit\u00e9<\/td><\/tr><\/tbody><\/table><\/figure>\n\n\n\n<p><strong>Anciens membres du comit\u00e9 d&rsquo;organisation<\/strong><\/p>\n\n\n\n<figure class=\"wp-block-table is-style-regular\" style=\"font-size:15px\"><table><tbody><tr><td><strong><strong><a href=\"http:\/\/www.fast.u-psud.fr\/~ppcortet\/\"><\/a><a href=\"https:\/\/labo.msc.u-paris.fr\/~falcon\/\">\u00c9ric Falcon<\/a><\/strong><\/strong><br><em>Coordinateur<\/em> 2013-2024<\/td><td>MSC, CNRS &amp; Universit\u00e9 Paris Cit\u00e9<\/td><\/tr><tr><td><strong><a href=\"https:\/\/www.phys.ens.fr\/~petrelis\/\">Fran\u00e7ois P\u00e9tr\u00e9lis<\/a><\/strong><\/td><td>LP ENS, CNRS &amp; ENS<\/td><\/tr><tr><td><strong><a href=\"http:\/\/www.limsi.fr\/Annuaire\/infos?id=pham\"><\/a><a href=\"https:\/\/www.google.com\/url?sa=t&amp;source=web&amp;rct=j&amp;opi=89978449&amp;url=https:\/\/fr.linkedin.com\/in\/chi-tuong-pham-1742015&amp;ved=2ahUKEwjepfP0gryPAxWKVaQEHZqxOYcQFnoECAoQAQ&amp;usg=AOvVaw2Jcp6fARCaWNs4997EzUGW\">Chi-Tuong Pham<\/a><\/strong><\/td><td>LISN, Universit\u00e9 Paris-Saclay<\/td><\/tr><tr><td><strong><a href=\"https:\/\/pro.univ-lille.fr\/marc-lefranc\"><\/a><a href=\"https:\/\/pro.univ-lille.fr\/marc-lefranc\">Marc Lefranc<\/a><\/strong><br><em>Coordinateur<\/em> 2006-2013<\/td><td>PhLAM, Universit\u00e9 de Lille<\/td><\/tr><tr><td><strong><a href=\"https:\/\/pro.univ-lille.fr\/marc-lefranc\"><\/a><a href=\"https:\/\/fr.linkedin.com\/in\/christophe-letellier-522b7b54\">Christophe Letellier<\/a><\/strong><br><\/td><td>CORIA, Universit\u00e9 de Rouen Normandie<\/td><\/tr><tr><td><strong><a href=\"https:\/\/www.ensta-paris.fr\/fr\/luc-pastur\">Luc Pastur<\/a><\/strong><\/td><td>LIMSI, Universit\u00e9 Paris-Saclay<\/td><\/tr><tr><td><strong><a href=\"http:\/\/www.off-ladhyx.polytechnique.fr\/people\/josserand\/\">Christophe Josserand<\/a><\/strong><\/td><td>IJLRA, CNRS &amp; Sorbonne Universit\u00e9<\/td><\/tr><tr><td><a href=\"https:\/\/fr.wikipedia.org\/wiki\/Yves_Pomeau\"><strong>Yves Pomeau<\/strong><\/a><\/td><td>Laboratoire de Physique Statistique, CNRS &amp; ENS<\/td><\/tr><tr><td><strong>Roland Ribotta<\/strong><br><em>Coordinateur<\/em> 1997-2005<\/td><td>Laboratoire de Physique des Solides, CNRS &amp; Universit\u00e9 Paris-Sud<\/td><\/tr><\/tbody><\/table><\/figure>\n\n\n\n<p><strong>Anciens membres du comit\u00e9 scientifique<\/strong><\/p>\n\n\n\n<figure class=\"wp-block-table is-style-regular\" style=\"font-size:15px\"><table><tbody><tr><td><a href=\"https:\/\/www.espci.psl.eu\/fr\/annuaire?unique_id=AxpcEiEBADo=\"><strong>\u00c9tienne Reyssat<\/strong><\/a><\/td><td>PMMH, CNRS &amp; ESPCI<\/td><\/tr><tr><td><strong><a href=\"https:\/\/inphyni.univ-cotedazur.fr\/a-propos-dinphyni\/annuaire\/claire-michel\">Claire Michel<\/a><\/strong><\/td><td>INPHYNI, Universit\u00e9 C\u00f4te d&rsquo;Azur<\/td><\/tr><tr><td><a href=\"http:\/\/liphy-annuaire.univ-grenoble-alpes.fr\/pages_personnelles\/catherine_quilliet\/\"><strong>Catherine Quilliet<\/strong><\/a><\/td><td>LiPhy, Universit\u00e9 Grenoble Alpes<\/td><\/tr><tr><td><a href=\"http:\/\/perso.ens-lyon.fr\/stephane.santucci\/WebPage\/Home.html\"><strong>St\u00e9phane Santucci<\/strong><\/a><\/td><td>Laboratoire de Physique, CNRS &amp; ENS de Lyon<\/td><\/tr><tr><td><strong><a href=\"https:\/\/labo.msc.u-paris.fr\/~falcon\/\">\u00c9ric Falcon<\/a><\/strong><\/td><td>MSC, CNRS &amp; Universit\u00e9 Paris Cit\u00e9<\/td><\/tr><tr><td><strong><a href=\"https:\/\/www.phys.ens.fr\/~petrelis\/\">Fran\u00e7ois P\u00e9tr\u00e9lis<\/a><\/strong><\/td><td>LP ENS, CNRS &amp; ENS<\/td><\/tr><tr><td><strong><a href=\"http:\/\/www.limsi.fr\/Annuaire\/infos?id=pham\"><\/a><a href=\"https:\/\/www.google.com\/url?sa=t&amp;source=web&amp;rct=j&amp;opi=89978449&amp;url=https:\/\/fr.linkedin.com\/in\/chi-tuong-pham-1742015&amp;ved=2ahUKEwjepfP0gryPAxWKVaQEHZqxOYcQFnoECAoQAQ&amp;usg=AOvVaw2Jcp6fARCaWNs4997EzUGW\">Chi-Tuong Pham<\/a><\/strong><\/td><td>LISN, Universit\u00e9 Paris-Saclay<\/td><\/tr><tr><td><a href=\"https:\/\/www.math.ens.fr\/~gallagher\/\"><strong>Isabelle Gallagher<\/strong><\/a><\/td><td>DMA, ENS<\/td><\/tr><tr><td><a href=\"http:\/\/www.dalembert.upmc.fr\/home\/pierre\/index.php\/8-pierre\/1-juliette-pierre\"><strong>Juliette Pierre<\/strong><\/a><\/td><td>IJLRA, CNRS &amp; Sorbonne Universit\u00e9<\/td><\/tr><tr><td><a href=\"http:\/\/sites.unice.fr\/site\/raufaste\/raufaste\/\"><strong>Christophe Raufaste<\/strong><\/a><\/td><td>INPHYNI, Universit\u00e9 C\u00f4te d&rsquo;Azur<\/td><\/tr><tr><td><a href=\"https:\/\/equipes.lps.u-psud.fr\/emmanuelle-rio\/\"><strong>Emmanuelle Rio<\/strong><\/a><\/td><td>LPS, Universit\u00e9 Paris-Saclay<\/td><\/tr><tr><td><a href=\"https:\/\/blog.espci.fr\/pmarcq\/\"><strong>Philippe Marcq<\/strong><\/a><\/td><td>PMMH, ESPCI<\/td><\/tr><tr><td><a href=\"https:\/\/pro.univ-lille.fr\/pierre-suret\/axes-de-recherche\"><strong>Pierre Suret<\/strong><\/a><\/td><td>PhLAM, Universit\u00e9 de Lille<\/td><\/tr><tr><td><a href=\"http:\/\/www.ens-lyon.fr\/PHYSIQUE\/presentation\/annuaire\/bayart-elsa\"><strong>Elsa Bayart<\/strong><\/a><\/td><td>Laboratoire de Physique, CNRS &amp; ENS Lyon<\/td><\/tr><tr><td><a href=\"http:\/\/www.dalembert.upmc.fr\/home\/marchiano\/\"><strong>R\u00e9gis Marchiano<\/strong><\/a><\/td><td>IJLRA, CNRS &amp; Sorbonne Universit\u00e9<\/td><\/tr><tr><td><a href=\"https:\/\/liphy.univ-grenoble-alpes.fr\/fr\/salima-rafai\"><strong>Salima Rafa\u00ef<\/strong><\/a><\/td><td>LiPhy, CNRS &amp; Universit\u00e9 Grenoble Alpes<\/td><\/tr><tr><td><strong><a href=\"https:\/\/www.idpoisson.fr\/barre\/\">Julien Barr\u00e9<\/a><\/strong><\/td><td>Institut Denis Poisson, Universit\u00e9 d&rsquo;Orl\u00e9ans<\/td><\/tr><tr><td><a href=\"https:\/\/www.lpp.polytechnique.fr\/-Marie-Christine-Firpo-317-?lang=fr\"><strong>Marie-Christine Firpo<\/strong><\/a><\/td><td>LPP, CNRS &amp; \u00c9cole polytechnique<\/td><\/tr><tr><td><a href=\"http:\/\/webusers.imj-prg.fr\/~david.gerard-varet\/\"><strong>David G\u00e9rard-Varet<\/strong><\/a><\/td><td>IMJ, Universit\u00e9 Paris Cit\u00e9<\/td><\/tr><tr><td><a href=\"https:\/\/www.pmmh.espci.fr\/~benoit\/\"><strong>Beno\u00eet Roman<\/strong><\/a><\/td><td>PMMH, CNRS &amp; ESPCI<\/td><\/tr><tr><td><a href=\"http:\/\/www.inln.cnrs.fr\/personnel\/barland\"><strong>St\u00e9phane Barland<\/strong><\/a><\/td><td>INLN, CNRS &amp; Universit\u00e9 Nice-Sophia-Antipolis<\/td><\/tr><tr><td><strong>Mariana Haragus<\/strong><\/td><td>LMB, Universit\u00e9 de Franche-Comt\u00e9<\/td><\/tr><tr><td><a href=\"https:\/\/www.institut-langevin.espci.fr\/xiaoping_jia?lang=fr\"><strong>Xiaoping Jia<\/strong><\/a><\/td><td>Institut Langevin, ESPCI<\/td><\/tr><tr><td><strong><a href=\"https:\/\/liphy-annuaire.univ-grenoble-alpes.fr\/pages_personnelles\/philippe_marmottant\/Home.html\">Philippe Marmottant<\/a><\/strong><\/td><td>LiPhy, Universit\u00e9 Grenoble Alpes<\/td><\/tr><tr><td><a href=\"http:\/\/perso.ens-lyon.fr\/valerie.vidal\/\"><strong>Val\u00e9rie Vidal<\/strong><\/a><\/td><td>Laboratoire de Physique, CNRS &amp; ENS Lyon<\/td><\/tr><tr><td><strong><a href=\"https:\/\/blog.espci.fr\/jbico\/\">Jos\u00e9 Bico<\/a><\/strong><\/td><td>PMMH, ESPCI<\/td><\/tr><tr><td><strong>Kirone Mallick<\/strong><\/td><td>IPhT, CEA Saclay<\/td><\/tr><tr><td><a href=\"http:\/\/www.lpp.fr\/-07211803-Ozgur-Gurcan-?lang=fr\"><strong>\u00d6zg\u00fcr G\u00fcrcan<\/strong><\/a><\/td><td>LPP, CNRS &amp; \u00c9cole polytechnique<\/td><\/tr><tr><td><a href=\"http:\/\/www.phlam.univ-lille1.fr\/spip.php?article79\"><strong>St\u00e9phane Randoux<\/strong><\/a><\/td><td>PhLAM, Universit\u00e9 de Lille<\/td><\/tr><tr><td><a href=\"http:\/\/wwwextra.inln.cnrs.fr\/argentina\/\"><strong>M\u00e9d\u00e9ric Argentina<\/strong><\/a><\/td><td>INLN, CNRS &amp; Universit\u00e9 Nice-Sophia-Antipolis<\/td><\/tr><tr><td><a href=\"http:\/\/perso.ens-lyon.fr\/laurent.chevillard\/\"><strong>Laurent Chevillard<\/strong><\/a><\/td><td>&nbsp;Laboratoire de Physique, CNRS &amp; ENS Lyon<\/td><\/tr><tr><td><a href=\"http:\/\/www.lmm.jussieu.fr\/~hoepffner\/home.php\"><strong>J\u00e9r\u00f4me Hoepffner<\/strong><\/a><\/td><td>IJLRA, Sorbonne Universit\u00e9<\/td><\/tr><tr><td><strong>S\u00e9bastien Auma\u00eetre<\/strong><\/td><td>SPEC, CEA Saclay<\/td><\/tr><tr><td><a href=\"http:\/\/sites.google.com\/site\/cristelchandre\/\"><strong>Cristel Chandre<\/strong><\/a><\/td><td>I2M, CNRS &amp; Universit\u00e9 Aix Marseille<\/td><\/tr><tr><td><strong>Christophe Finot<\/strong><\/td><td>LICB, Universit\u00e9 Bourgogne Europe<\/td><\/tr><tr><td><strong><a href=\"https:\/\/fr.wikipedia.org\/wiki\/Laure_Saint-Raymond\">Laure Saint-Raymond<\/a><\/strong><\/td><td>DMA, ENS<\/td><\/tr><tr><td><strong><a href=\"https:\/\/pro.univ-lille.fr\/marc-lefranc\">Marc Lefranc<\/a><\/strong><\/td><td>PhLAM, Universit\u00e9 de Lille<\/td><\/tr><tr><td><strong><a href=\"https:\/\/pro.univ-lille.fr\/marc-lefranc\"><\/a><a href=\"https:\/\/fr.linkedin.com\/in\/christophe-letellier-522b7b54\">Christophe Letellier<\/a><\/strong><br><\/td><td>CORIA, Universit\u00e9 de Rouen Normandie<\/td><\/tr><tr><td><strong><a href=\"https:\/\/blog.espci.fr\/alindner\/\">Anke Lindner<\/a><\/strong><\/td><td>PMMH, ESPCI<\/td><\/tr><tr><td><strong><a href=\"https:\/\/www.ensta-paris.fr\/fr\/luc-pastur\">Luc Pastur<\/a><\/strong><\/td><td>LIMSI, Universit\u00e9 Paris-Saclay<\/td><\/tr><tr><td><a href=\"http:\/\/pmc.polytechnique.fr\/pagesperso\/mp\/\"><strong>Mathis Plapp<\/strong><\/a><\/td><td>LPMC, CNRS &amp; \u00c9cole Polytechnique<\/td><\/tr><tr><td><strong>Arezki Boudaoud<\/strong><\/td><td>RDP, ENS Lyon<\/td><\/tr><tr><td><a href=\"http:\/\/www.biologie.ens.fr\/eceem\/spip.php?article79\"><strong>Silvia De Monte<\/strong><\/a><\/td><td>IBENS, CNRS &amp; ENS<\/td><\/tr><tr><td><a href=\"https:\/\/sebastien-galtier.fr\/\"><strong>S\u00e9bastien Galtier<\/strong><\/a><br><\/td><td>IAS, Universit\u00e9 Paris-Sud<\/td><\/tr><tr><td><strong><a href=\"https:\/\/www.irphe.fr\/~meunier\/\">Patrice Meunier<\/a><\/strong><br><\/td><td>IRPHE, CNRS &amp; Aix Marseille Universit\u00e9<\/td><\/tr><tr><td><a href=\"http:\/\/aftalion.perso.math.cnrs.fr\/\"><strong>Amandine Aftalion<\/strong><\/a><\/td><td>LMV, Universit\u00e9 de Versailles Saint-Quentin<\/td><\/tr><tr><td><strong>Yacine Amarouchene<\/strong><\/td><td>CPMOH, Universit\u00e9 Bordeaux I<\/td><\/tr><tr><td><a href=\"https:\/\/sites.google.com\/view\/jeanrenechazottes\/accueil\"><strong>Jean-Ren\u00e9 Chazottes<\/strong><\/a><\/td><td>CPhT, CNRS et \u00c9cole polytechnique<br><\/td><\/tr><tr><td><strong><a href=\"https:\/\/members.femto-st.fr\/john-dudley\/en\/long-biography\">John Dudley<\/a><\/strong><br><\/td><td>Institut FEMTO-ST, Universit\u00e9 de Franche-Comt\u00e9<\/td><\/tr><tr><td><strong><a href=\"http:\/\/www.off-ladhyx.polytechnique.fr\/people\/josserand\/\">Christophe Josserand<\/a><\/strong><\/td><td>IJLRA, CNRS &amp; Sorbonne Universit\u00e9<\/td><\/tr><tr><td><a href=\"https:\/\/lrp.univ-grenoble-alpes.fr\/fr\/thomas-podgorski\"><strong>Thomas Podgorski<\/strong><\/a><\/td><td>LRP, CNRS &amp; Universit\u00e9 Grenoble Alpes<\/td><\/tr><tr><td><a href=\"https:\/\/blog.espci.fr\/laurette\/\"><strong>Laurette Tuckerman<\/strong><\/a><\/td><td>PMMH, ESPCI<\/td><\/tr><tr><td><strong><a href=\"https:\/\/fr.wikipedia.org\/wiki\/B%C3%A9reng%C3%A8re_Dubrulle\">B\u00e9reng\u00e8re Dubrulle<\/a><\/strong><\/td><td>SPEC, CNRS &amp; CEA Saclay<\/td><\/tr><tr><td><strong><a href=\"https:\/\/perso.ens-lyon.fr\/jean-christophe.geminard\/\">Jean-Christophe G\u00e9minard<\/a><\/strong><\/td><td>Laboratoire de Physique, CNRS &amp; ENS de Lyon<\/td><\/tr><tr><td><a href=\"http:\/\/www.fast.u-psud.fr\/~rabaud\/\"><strong>Marc Rabaud<\/strong><\/a><\/td><td>FAST, Universit\u00e9 Paris-Sud<\/td><\/tr><tr><td><a href=\"http:\/\/www.pasteur.fr\"><strong>Massimo Vergassola<\/strong><\/a><\/td><td>Institut Pasteur, Paris<\/td><\/tr><tr><td><strong><a href=\"https:\/\/josselin-garnier.org\/curriculum-vitae\/\">Josselin Garnier<\/a><\/strong><\/td><td>LPMA, Universit\u00e9 Paris Diderot<\/td><\/tr><tr><td><strong><a href=\"https:\/\/sites.google.com\/site\/patricelegalsite\/\">Patrice Le Gal<\/a><\/strong><\/td><td>IRPHE, CNRS &amp; Aix Marseille Universit\u00e9<\/td><\/tr><tr><td><strong><a href=\"https:\/\/en.wikipedia.org\/wiki\/Stefania_Residori\">Stefania Residori<\/a><\/strong><\/td><td>INLN, CNRS &amp; Universit\u00e9 Nice-Sophia-Antipolis<\/td><\/tr><tr><td><strong><a href=\"https:\/\/perso.ens-lyon.fr\/thierry.dauxois\/\">Thierry Dauxois<\/a><\/strong><\/td><td>Laboratoire de Physique, CNRS &amp; ENS de Lyon<\/td><\/tr><tr><td><a href=\"http:\/\/www.msc.univ-paris7.fr\/pages-perso\/metens.html\"><strong>St\u00e9phane Metens<\/strong><\/a><\/td><td>MSC, Universit\u00e9 Paris Diderot<\/td><\/tr><tr><td><strong><a href=\"https:\/\/emmanuelplaut.perso.univ-lorraine.fr\/\">Emmanuel Plaut<\/a><\/strong><\/td><td>LEMTA, Universit\u00e9 de Lorraine<\/td><\/tr><tr><td><a href=\"http:\/\/perso.ens-lyon.fr\/sergio.ciliberto\/\"><strong>Sergio Ciliberto<\/strong><\/a><\/td><td>Laboratoire de Physique, CNRS &amp; ENS de Lyon<\/td><\/tr><tr><td><a href=\"https:\/\/fr.wikipedia.org\/wiki\/Yves_Pomeau\"><strong>Yves Pomeau<\/strong><\/a><\/td><td>Laboratoire de Physique Statistique, CNRS &amp; ENS<\/td><\/tr><tr><td><strong>Roland Ribotta<\/strong><br><em>Coordinateur<\/em> 1997-2005<\/td><td>Laboratoire de Physique des Solides, CNRS &amp; Universit\u00e9 Paris-Sud<\/td><\/tr><\/tbody><\/table><\/figure>\n","protected":false},"excerpt":{"rendered":"<p>Pour contacter le comit\u00e9 d&rsquo;organisation de la RNL, \u00e9crivez \u00e0 rencontredunonlineaire-request@services.cnrs.fr Comit\u00e9 d&rsquo;organisation Pierre-Philippe CortetCoordinateur FAST, CNRS &amp; Universit\u00e9 Paris-Saclay Mathieu Gibert Institut N\u00e9el, CNRS &amp; Univ. Grenoble Alpes Jean-Baptiste GorceTr\u00e9sorier MSC, CNRS &amp; Universit\u00e9 Paris Cit\u00e9 Sophie Ramananarivo LadHyX, \u00c9cole polytechnique Comit\u00e9 scientifique Xavier Leoncini CPT, Aix-Marseille Universit\u00e9 Serge Bielawski PhLAM, Universit\u00e9 de Lille &hellip; <a href=\"https:\/\/rencontredunonlineaire.fr\/index.php\/sit-2014\/\" class=\"more-link\">Continuer la lecture de <span class=\"screen-reader-text\">Comit\u00e9s<\/span><\/a><\/p>\n","protected":false},"author":2,"featured_media":0,"parent":0,"menu_order":0,"comment_status":"closed","ping_status":"closed","template":"","meta":{"footnotes":""},"class_list":["post-123","page","type-page","status-publish","hentry"],"_links":{"self":[{"href":"https:\/\/rencontredunonlineaire.fr\/index.php\/wp-json\/wp\/v2\/pages\/123","targetHints":{"allow":["GET"]}}],"collection":[{"href":"https:\/\/rencontredunonlineaire.fr\/index.php\/wp-json\/wp\/v2\/pages"}],"about":[{"href":"https:\/\/rencontredunonlineaire.fr\/index.php\/wp-json\/wp\/v2\/types\/page"}],"author":[{"embeddable":true,"href":"https:\/\/rencontredunonlineaire.fr\/index.php\/wp-json\/wp\/v2\/users\/2"}],"replies":[{"embeddable":true,"href":"https:\/\/rencontredunonlineaire.fr\/index.php\/wp-json\/wp\/v2\/comments?post=123"}],"version-history":[{"count":151,"href":"https:\/\/rencontredunonlineaire.fr\/index.php\/wp-json\/wp\/v2\/pages\/123\/revisions"}],"predecessor-version":[{"id":1360,"href":"https:\/\/rencontredunonlineaire.fr\/index.php\/wp-json\/wp\/v2\/pages\/123\/revisions\/1360"}],"wp:attachment":[{"href":"https:\/\/rencontredunonlineaire.fr\/index.php\/wp-json\/wp\/v2\/media?parent=123"}],"curies":[{"name":"wp","href":"https:\/\/api.w.org\/{rel}","templated":true}]}}