{"id":122,"date":"2018-01-24T11:36:58","date_gmt":"2018-01-24T11:36:58","guid":{"rendered":"https:\/\/rencontredunonlineaire.fr\/?page_id=122"},"modified":"2025-10-02T14:59:42","modified_gmt":"2025-10-02T14:59:42","slug":"sponsors","status":"publish","type":"page","link":"https:\/\/rencontredunonlineaire.fr\/index.php\/sponsors\/","title":{"rendered":"Sponsors"},"content":{"rendered":"\n<figure class=\"wp-block-image size-full\"><img loading=\"lazy\" decoding=\"async\" width=\"941\" height=\"328\" src=\"https:\/\/rencontredunonlineaire.fr\/wp-content\/uploads\/2025\/07\/sponsors_2026-Copie-3.png\" alt=\"\" class=\"wp-image-1152\" srcset=\"https:\/\/rencontredunonlineaire.fr\/wp-content\/uploads\/2025\/07\/sponsors_2026-Copie-3.png 941w, https:\/\/rencontredunonlineaire.fr\/wp-content\/uploads\/2025\/07\/sponsors_2026-Copie-3-300x105.png 300w, https:\/\/rencontredunonlineaire.fr\/wp-content\/uploads\/2025\/07\/sponsors_2026-Copie-3-768x268.png 768w\" sizes=\"auto, (max-width: 941px) 100vw, 941px\" \/><\/figure>\n\n\n\n<div class=\"wp-block-columns is-layout-flex wp-container-core-columns-is-layout-9d6595d7 wp-block-columns-is-layout-flex\">\n<div class=\"wp-block-column is-layout-flow wp-block-column-is-layout-flow\" style=\"flex-basis:100%\">\n<p><strong>La Rencontre du Non Lin\u00e9aire est un \u00e9v\u00e8nement gratuit pour ses participants gr\u00e2ce au soutien des institutions suivantes :<\/strong><\/p>\n\n\n\n<ul class=\"wp-block-list\">\n<li><a href=\"https:\/\/www.cpt.univ-mrs.fr\/\">Centre de Physique Th\u00e9orique (Marseille)<\/a><\/li>\n\n\n\n<li><a href=\"https:\/\/liphy.univ-grenoble-alpes.fr\/fr\">Laboratoire Interdisciplinaire de Physique (Grenoble)<\/a><\/li>\n\n\n\n<li><a href=\"https:\/\/www.ens-lyon.fr\/PHYSIQUE\">Laboratoire de Physique de l\u2019ENS de Lyon<\/a><\/li>\n\n\n\n<li><a href=\"http:\/\/www.dalembert.upmc.fr\/ijlrda\/\">Institut Jean le Rond d\u2019Alembert (Paris)<\/a><\/li>\n\n\n\n<li><a href=\"https:\/\/www.sfphysique.fr\/division-thematique\/physique-non-lineaire\/\">Soci\u00e9t\u00e9 Fran\u00e7aise de Physique<\/a><\/li>\n\n\n\n<li><a href=\"https:\/\/www.fast.universite-paris-saclay.fr\/\">Laboratoire FAST (Orsay)<\/a><\/li>\n\n\n\n<li><a href=\"https:\/\/www.ladhyx.polytechnique.fr\">LadHyX (Palaiseau)<\/a><\/li>\n\n\n\n<li><a href=\"https:\/\/www.cnrs.fr\/\">CNRS<\/a><\/li>\n\n\n\n<li><a href=\"https:\/\/neel.cnrs.fr\/\">Institut N\u00e9el (Grenoble)<\/a><\/li>\n\n\n\n<li><a href=\"https:\/\/u-paris.fr\/sciences\">Facult\u00e9 des Sciences de l\u2019Universit\u00e9 Paris Cit\u00e9<\/a><\/li>\n\n\n\n<li><a href=\"https:\/\/www.pmmh.espci.fr\/\">Physique et M\u00e9canique des Milieux H\u00e9t\u00e9rog\u00e8nes (Paris)<\/a><\/li>\n\n\n\n<li><a href=\"https:\/\/www.imo.universite-paris-saclay.fr\/\">Laboratoire de Math\u00e9matiques d\u2019Orsay<\/a><\/li>\n\n\n\n<li><a href=\"https:\/\/www.lpens.ens.psl.eu\/\">Laboratoire de Physique de l\u2019ENS (Paris)<\/a><\/li>\n\n\n\n<li><a href=\"https:\/\/msc.u-paris.fr\/\">Mati\u00e8re et Syst\u00e8mes Complexes (Paris)<\/a><\/li>\n<\/ul>\n<\/div>\n<\/div>\n","protected":false},"excerpt":{"rendered":"<p>La Rencontre du Non Lin\u00e9aire est un \u00e9v\u00e8nement gratuit pour ses participants gr\u00e2ce au soutien des institutions suivantes :<\/p>\n","protected":false},"author":2,"featured_media":0,"parent":0,"menu_order":0,"comment_status":"closed","ping_status":"closed","template":"","meta":{"footnotes":""},"class_list":["post-122","page","type-page","status-publish","hentry"],"_links":{"self":[{"href":"https:\/\/rencontredunonlineaire.fr\/index.php\/wp-json\/wp\/v2\/pages\/122","targetHints":{"allow":["GET"]}}],"collection":[{"href":"https:\/\/rencontredunonlineaire.fr\/index.php\/wp-json\/wp\/v2\/pages"}],"about":[{"href":"https:\/\/rencontredunonlineaire.fr\/index.php\/wp-json\/wp\/v2\/types\/page"}],"author":[{"embeddable":true,"href":"https:\/\/rencontredunonlineaire.fr\/index.php\/wp-json\/wp\/v2\/users\/2"}],"replies":[{"embeddable":true,"href":"https:\/\/rencontredunonlineaire.fr\/index.php\/wp-json\/wp\/v2\/comments?post=122"}],"version-history":[{"count":75,"href":"https:\/\/rencontredunonlineaire.fr\/index.php\/wp-json\/wp\/v2\/pages\/122\/revisions"}],"predecessor-version":[{"id":1315,"href":"https:\/\/rencontredunonlineaire.fr\/index.php\/wp-json\/wp\/v2\/pages\/122\/revisions\/1315"}],"wp:attachment":[{"href":"https:\/\/rencontredunonlineaire.fr\/index.php\/wp-json\/wp\/v2\/media?parent=122"}],"curies":[{"name":"wp","href":"https:\/\/api.w.org\/{rel}","templated":true}]}}